{"id":6824,"date":"2018-05-22T12:34:13","date_gmt":"2018-05-22T12:34:13","guid":{"rendered":"http:\/\/braun-yachtservice.com\/legal-advise\/"},"modified":"2022-12-28T09:05:34","modified_gmt":"2022-12-28T09:05:34","slug":"legal-advise","status":"publish","type":"page","link":"https:\/\/braun-yachtservice.com\/de\/legal-advise\/","title":{"rendered":"Legal Advise"},"content":{"rendered":"<h1>Legal Advise<\/h1>\n<p>Braun Yachtservice S.L<\/p>\n<p>Direcci\u00f3n Plaza de Espa\u00f1a 11, Andratx<br \/>\nC\u00f3digo Postal (requerido) 07150<br \/>\nCiudad (requerido) Palma De Mallorca<br \/>\nN\u00famero de Identificaci\u00f3n ES\/B57962946<br \/>\nTel\u00e9fono (requerido) 0034 871714976<br \/>\nE-mail administracion@braun-yachtservice.com<br \/>\nURL de la p\u00e1gina www.braun-yachtservice.com<br \/>\nDatos de env\u00edo administracion@braun-yachtservice.com<\/p>\n<p>Aviso legal<\/p>\n<p>Datos del propietario:<\/p>\n<p>Conforme a lo establecido en la ley de Servicios de la Sociedad de la Informaci\u00f3n (LSSI), se informa a los usuarios de www.braun-yachtservice.com que estos son los datos del propietario de este sitio web:<\/p>\n<p>Nombre: Braun Yachtservice S.L<br \/>\nDirecci\u00f3n: Plaza de Espa\u00f1a 11, Andratx \u2013 07150 \u2013 Palma De Mallorca<br \/>\nNIF\/CIF\/NIE: ES\/B57962946<br \/>\nRegistro Civil: Ciudad de \/ Tomo \/ P\u00e1gina<br \/>\nTel\u00e9fono de contacto: 0034 871714976<br \/>\nE-mail de contacto: administracion@braun-yachtservice.com<br \/>\nEl acceso al sitio web www.braun-yachtservice.com, propiedad de Braun Yachtservice S.L y el uso de los servicios que en este sitio web se ofrecen, implica la aceptaci\u00f3n de los siguientes t\u00e9rminos y condiciones de uso:<\/p>\n<p>Propiedad Intelectual:<\/p>\n<p>El dise\u00f1o, c\u00f3digo fuente y contenidos del sitio web www.braun-yachtservice.com est\u00e1n protegidos por la legislaci\u00f3n espa\u00f1ola en lo referente a los derechos de propiedad intelectual e industrial a favor de Braun Yachtservice S.L, quedando prohibida su reproducci\u00f3n, distribuci\u00f3n o comunicaci\u00f3n p\u00fablica, total o parcial, sin la autorizaci\u00f3n expresa de Braun Yachtservice S.L.<\/p>\n<p>Pol\u00edtica de Privacidad y Protecci\u00f3n de Datos (L.O.P.D.):<\/p>\n<p>Braun Yachtservice S.L informa a los usuarios del sitio web www.braun-yachtservice.com, que podr\u00e1 crear un archivo automatizado con los datos personales que sean puestos en su conocimiento, ya sea como consecuencia de la utilizaci\u00f3n de los servicios ofrecidos en www.braun-yachtservice.com, a causa de env\u00edos al correo electr\u00f3nico de contacto administracion@braun-yachtservice.com o por el uso de formularios de contacto o inscripci\u00f3n presentes en el sitio web. En todo caso, el almacenamiento, protecci\u00f3n y uso de dichos datos por parte de Braun Yachtservice C.B ser\u00e1 conforme al estricto cumplimiento de lo preceptuado por la legislaci\u00f3n en materia de protecci\u00f3n de datos.<\/p>\n<p>En cumplimiento de lo dispuesto en la Ley Org\u00e1nica 15\/1999, de 13 de diciembre, de Protecci\u00f3n de Datos de Car\u00e1cter Personal, los usuarios podr\u00e1n ejercitar, en cualquier momento, los derechos de acceso, rectificaci\u00f3n, oposici\u00f3n y cancelaci\u00f3n de sus datos, que hubiesen sido recopilados y archivados. El ejercicio de estos derechos deber\u00e1 efectuarse mediante comunicaci\u00f3n escrita dirigida a Braun Yachtservice C.B (Plaza de Espa\u00f1a 11, Andratx \u2013 07150 \u2013 Palma De Mallorca) o a la direcci\u00f3n de correo electr\u00f3nico de contacto (administracion@braun-yachtservice.com ) indicando en cualquiera de los casos, como referencia \u201cDATOS PERSONALES\u201d y el referido derecho que pretendan accionar, adjuntando copia de su Documento Nacional de Identidad.<\/p>\n<p>Disponibilidad y actualizaciones:<\/p>\n<p>Braun Yachtservice S.L se reserva el derecho a interrumpir en cualquier momento y sin previo aviso el acceso al sitio web www.braun-yachtservice.com, as\u00ed como a modificar o eliminar la configuraci\u00f3n del sitio, los contenidos que en el se muestran o la prestaci\u00f3n de cualquiera o de todos los servicios que se prestan a trav\u00e9s del mismo, ya sea por motivos t\u00e9cnicos, de seguridad, de mantenimiento o por cualquier otra causa. Dicha interrupci\u00f3n, edici\u00f3n o eliminaci\u00f3n podr\u00e1 tener car\u00e1cter temporal o definitivo, sin que de ello se derive ninguna responsabilidad para Braun Yachtservice S.L.<\/p>\n<p>Uso del sitio web, sus contenidos y servicios:<\/p>\n<p>El acceso a los contenidos y servicios que se ofrecen en www.braun-yachtservice.com, y la utilizaci\u00f3n de los mismos por parte del Usuario, se lleva a cabo por su propia cuenta y riesgo.<\/p>\n<p>Braun Yachtservice S.L no se responsabiliza de posibles da\u00f1os o perjuicios que pueda sufrir el usuario, ni de posibles problemas t\u00e9cnicos o fallos en los equipos inform\u00e1ticos del usuario, que se produzcan debido a:<\/p>\n<p>Un mal uso de los contenidos o servicios de www.braun-yachtservice.com por parte del usuario.<br \/>\nErrores, defectos u omisiones en la informaci\u00f3n facilitada cuando proceda de fuentes ajenas a Braun Yachtservice S.L.<br \/>\nIntromisiones ileg\u00edtimas fuera del control de Braun Yachtservice S.L por parte de terceras personas.<br \/>\nMarcas:<\/p>\n<p>En www.braun-yachtservice.com puede que se mencionen de forma indirecta y a nivel informativo algunos t\u00e9rminos y logotipos, que constituyen marcas registradas por sus respectivos propietarios, no haci\u00e9ndonos responsable de la utilizaci\u00f3n inadecuada que pudieran hacer terceras personas respecto a dichas marcas.<\/p>\n<p>Enlaces:<\/p>\n<p>Braun Yachtservice S.L no se hace responsable de aquellos otros datos, sitios web u archivos a los que sea posible acceder a trav\u00e9s de enlaces (links) disponibles entre los contenidos de www.braun-yachtservice.com, dado que dichas p\u00e1ginas o archivos objeto de enlace son responsabilidad de sus respectivos titulares. Braun Yachtservice S.L, por tanto, ni aprueba, ni hace suyos los productos, servicios, contenidos, informaci\u00f3n, datos, archivos y cualquier clase de material existente en tales p\u00e1ginas web o archivos y no controla ni, de conformidad con lo dispuesto en la LSSICE, se hace responsable de la calidad, licitud, fiabilidad y utilidad de la informaci\u00f3n, contenidos, datos y servicios existentes en los sitios enlazados y que son ajenos a www.braun-yachtservice.com. En el caso de que un \u00f3rgano competente declare la ilicitud de los datos, ordenado su retirada o que se imposibilite el acceso a los mismos, o se hubiera declarado la existencia de la lesi\u00f3n, los enlaces<br \/>\nque se indiquen ser\u00edan inmediatamente retirados, en cuanto as\u00ed se le notifique expresamente a Braun Yachtservice S.L.<\/p>\n","protected":false},"excerpt":{"rendered":"<p>Legal Advise Braun Yachtservice S.L Direcci\u00f3n Plaza de Espa\u00f1a 11, Andratx C\u00f3digo Postal (requerido) 07150 Ciudad (requerido) Palma De Mallorca N\u00famero de Identificaci\u00f3n ES\/B57962946 Tel\u00e9fono (requerido) 0034 871714976 E-mail administracion@braun-yachtservice.com&#8230;<\/p>\n","protected":false},"author":1,"featured_media":0,"parent":0,"menu_order":0,"comment_status":"closed","ping_status":"closed","template":"","meta":{"footnotes":""},"class_list":["post-6824","page","type-page","status-publish"],"aioseo_notices":[],"_links":{"self":[{"href":"https:\/\/braun-yachtservice.com\/de\/wp-json\/wp\/v2\/pages\/6824","targetHints":{"allow":["GET"]}}],"collection":[{"href":"https:\/\/braun-yachtservice.com\/de\/wp-json\/wp\/v2\/pages"}],"about":[{"href":"https:\/\/braun-yachtservice.com\/de\/wp-json\/wp\/v2\/types\/page"}],"author":[{"embeddable":true,"href":"https:\/\/braun-yachtservice.com\/de\/wp-json\/wp\/v2\/users\/1"}],"replies":[{"embeddable":true,"href":"https:\/\/braun-yachtservice.com\/de\/wp-json\/wp\/v2\/comments?post=6824"}],"version-history":[{"count":3,"href":"https:\/\/braun-yachtservice.com\/de\/wp-json\/wp\/v2\/pages\/6824\/revisions"}],"predecessor-version":[{"id":7881,"href":"https:\/\/braun-yachtservice.com\/de\/wp-json\/wp\/v2\/pages\/6824\/revisions\/7881"}],"wp:attachment":[{"href":"https:\/\/braun-yachtservice.com\/de\/wp-json\/wp\/v2\/media?parent=6824"}],"curies":[{"name":"wp","href":"https:\/\/api.w.org\/{rel}","templated":true}]}}